{"id":954,"date":"2025-04-21T09:48:28","date_gmt":"2025-04-21T09:48:28","guid":{"rendered":"https:\/\/omndhp.nl\/?page_id=954"},"modified":"2025-04-21T09:54:27","modified_gmt":"2025-04-21T09:54:27","slug":"jaarverslag-omndhp-2024","status":"publish","type":"page","link":"https:\/\/omndhp.nl\/?page_id=954","title":{"rendered":"Jaarverslag 2024"},"content":{"rendered":"\n<p><strong>Voorwoord<\/strong><\/p>\n\n\n\n<p>Beste lezer,<\/p>\n\n\n\n<p>In 2024 heeft OMNDHP het project Moestuinen voor Moeders in het dorp Woloum Nere afgerond, met de goedkeuring en ondersteuning van stichting Wilde Ganzen. OMNDHP werkte voor de uitvoering van dit project samen met twee Mauritaanse partnerorganisaties, namelijk de Coop\u00e9rative Agro-Pastorale pour le D\u00e9veloppement de Nere Walo\/Ka\u00e9di\/Gorgol en L\u2019Association pour la Promotion des Droits Humains (APDH).<\/p>\n\n\n\n<p>Het zoeken naar geschikte fondsen voor onze projecten is een van onze belangrijkste taken. Ook blijven we verder werken aan het optimaliseren van onze website, zodat bezoekers snel en overzichtelijk een beeld krijgen van onze projecten, onze activiteiten en onze werkwijze. Onze lobbyactiviteiten zetten we voort om de bekendheid van onze stichting en projecten verder te vergroten.<\/p>\n\n\n\n<p>Ieder jaar opnieuw realiseren we ons dat we financiering nodig hebben om onze projecten, waarmee mensen in Mauritani\u00eb hun levensomstandigheden op een duurzame wijze kunnen verbeteren, uit te kunnen voeren. We zijn onze vaste donateurs en onze subsidiegevers dan ook erg dankbaar. Dankzij hun bijdragen hebben we een aantal mooie en succesvolle projecten kunnen realiseren. Dat willen we in de toekomst graag voortzetten zodat nog meer mensen hier profijt van hebben.<\/p>\n\n\n\n<p>Dr. Amadou Aliou Sow,<\/p>\n\n\n\n<p>Voorzitter stichting Mauritaans-Nederlandse Organisatie voor Mensen- en Volkerenrechten (OMNDHP)<\/p>\n\n\n\n<p><strong>Activiteiten in Mauritani\u00eb 2024<\/strong><\/p>\n\n\n\n<p><strong>Terugblik project Moestuinen voor Moeders<\/strong><\/p>\n\n\n\n<p>De vrouwen in het dorp Woloum Nere hebben zich georganiseerd in een comit\u00e9 en waren zelf met &nbsp;het voorstel gekomen voor een moestuinproject. Het betrof drie verschillende velden in drie wijken (in totaal 6 hectare). Het gebrek aan water was het grote probleem. Daarom kon de grond die wel vruchtbaar was, niet worden bewerkt. Via het project zijn twee waterputten aangelegd en twee zonnepanelen ge\u00efnstalleerd. De zonnepanelen leveren de energie, waarmee het water wordt opgepompt. In drie waterbassins wordt het overtollige water opgeslagen om in drogere periodes het land mee te bevloeien. Vanwege de overvloedige hoeveelheid zon werkt dit systeem in deze regio uitstekend.&nbsp; Het gaat om duurzaam en biologisch tuinieren. De oogst bestaat uit een &nbsp;diversiteit aan producten zoals tomaten, witte kool, aubergine, wortelen, prei en uien. Lokale organisaties die hebben samengewerkt voor onze eerder uitgevoerde projecten hebben de deelnemers van dit project getraind (train de trainer) op o.a. het gebied van microfinanciering, ondernemerschap en grondbewerking (product-rotatie en gronderosie).<\/p>\n\n\n\n<p><strong>Resultaat op korte termijn:<\/strong><\/p>\n\n\n\n<p>Het comit\u00e9 van de betreffende vrouwen maakt deel uit van een vereniging. Via het project zijn 5000 vrouwen die zijn aangesloten bij de vereniging, direct geholpen.&nbsp; Deze vrouwen kunnen van de opbrengsten van het landbouwproject leven (eigen voedselvoorziening). Wat ze overhouden, verkopen ze op de lokale markten. Van het geld dat ze hiermee verdienen, kopen ze zaken die ze nodig hebben zoals hun overige voedsel, kleding en spullen voor de school voor de kinderen. De vrouwen verwerven hun eigen inkomen en zijn niet meer financieel afhankelijk van de mannen in het dorp. Het betreft niet alleen getrouwde vrouwen, maar ook alleenstaande en gescheiden vrouwen.<\/p>\n\n\n\n<p><strong>Resultaten en exploitatie op langere termijn:<\/strong><\/p>\n\n\n\n<p>De vrouwen zijn getraind en hebben zelfstandig de exploitatie van de moestuinen overgenomen. Onze partnerorganisaties in Mauritani\u00eb controleert regelmatig de voortgang en de ontwikkeling op de langere termijn. De sociaaleconomische positie van de bevolking is verbeterd. De betrokken vrouwen zijn voortgegaan op de ingeslagen weg en hebben eigenaarschap over het project gekregen. De kennis en ervaring die zij hebben opgedaan met het project, verspreiden ze weer elders in de regio. Deze formule en werkwijze typeert onze hulp in Mauritani\u00eb.<\/p>\n\n\n\n<p><strong>Partnerorganisaties<\/strong><\/p>\n\n\n\n<p>Onze twee partnerorganisaties, La Coop\u00e9rative Agro-Pastorale pour le D\u00e9veloppement de Nere Walo\/Ka\u00e9di\/Gorgol en L\u2019Association pour la Promotion des Droits Humains (APDH), hebben in 2024 de nodige acties ontwikkeld en uitgevoerd voor de realisatie van het project Moestuinen voor Moeders. De leden van beide organisaties zijn meerdere malen in het dorp geweest en hebben overleg gevoerd met het dorpshoofd, de verschillende vrouwencommissies en het vrouwencomit\u00e9. De leden van de corporatie stonden allemaal achter de uitvoering van dit project en de verdeling van de landbouwgrond in de drie verschillende wijken.<\/p>\n\n\n\n<p><strong>Activiteiten in Nederland 2024<\/strong><\/p>\n\n\n\n<p><strong>Voorlichting<\/strong><\/p>\n\n\n\n<p>Evenals voorgaande jaren hebben we belangstellenden in en buiten ons netwerk ge\u00efnformeerd over ons werk en onze activiteiten. Ook hebben we gewerkt aan uitbreiding van ons netwerk. We zijn verder op zoek gegaan naar geschikte donateurs en fondsen om onze projecten te realiseren en hebben ingezet op pr en communicatie om ons werk meer onder de aandacht te brengen. Dat deden we bijvoorbeeld tijdens:<\/p>\n\n\n\n<ul class=\"wp-block-list\">\n<li>een iftar-maaltijd in een wijkcentrum in Dukenburg in Nijmegen;<\/li>\n\n\n\n<li>de landelijke bijeenkomst van Wilde Ganzen in Utrecht;<\/li>\n\n\n\n<li>een gesprek met managers van woonstichting Talis;<\/li>\n\n\n\n<li>een bijeenkomst van de filosofie-club, waarvan de voorzitter van OMNDHP lid is;<\/li>\n\n\n\n<li>het jaarlijkse festival Di-Vers bij het Land van Ooij. Hier gingen we met bezoekers in gesprek over de relatie tussen (moest)tuineren in Nederland en de werkwijze bij onze landbouwprojecten in Mauritani\u00eb;<\/li>\n\n\n\n<li>Toneelstukken van het schrijfcollectief Coconelli &amp; co. Sinds oktober 2022 is de voorzitter van OMNDHP lid van het schrijfcollectief. Het doel van de toneelstukken is: laten zien wat migratie inhoudt en wat het betekent om migrant te zijn.<\/li>\n\n\n\n<li>Voorbereidende bijeenkomsten voor het toneelstuk Verhaal aan de Waal. Dit project biedt een artistieke blik op de stad aan de Waal, door de ogen van nieuwkomers die inmiddels Nijmegenaren zijn geworden.\u00a0<\/li>\n<\/ul>\n\n\n\n<p><strong>Trainingen<\/strong><\/p>\n\n\n\n<p>De voorzitter van OMNDHP verzorgt ook trainingen waarin het werk, de missie, visie en de projecten van OMNDHP aan bod komen. Zo heeft hij in juni en juli tijdens een training in het kader van het Participatieverklaringstraject in Nijmegen en tijdens een training Interculturele Communicatie in Amsterdam voor stichting ShiVa informatie gegeven over het werk van OMNDHP. Ook heeft hij deelnemers van trainingen in het kader van de inburgering bij het<br>Werkbedrijf rijk van Nijmegen ge\u00efnformeerd over de activiteiten van OMNDHP. &nbsp;<\/p>\n\n\n\n<p><strong>Toelichting programma Connect for Global Change<\/strong><\/p>\n\n\n\n<p>Op zaterdag 5 oktober 2024 namen de bestuursleden van OMNDHP deel aan de jaarlijkse bijeenkomst van stichting Wilde Ganzen in Utrecht. Wilde Ganzen presenteerde een nieuw programma: Connect for Global Change. Dit Europese programma voert stichting Wilde Ganzen uit tussen 2024 en 2027 met als doel Europese burgers te informeren over en te betrekken bij uitdagingen als klimaatsverandering, genderongelijkheid, armoede, uitsluiting, oorlog en conflict, migratie en deportatie. Organisaties kunnen bij dit programma een aanvraag indienen voor projecten op het gebied van o.a. educatie, bewustwording, of maatschappelijke vraagstukken. De eerste ronde van het programma wordt afgerond op 5 december 2024, terwijl de tweede ronde zal starten in oktober 2025. OMNDHP gaat meedoen met de tweede ronde van het project. Het nieuwe project van OMNDHP is gericht op kennisoverdracht en uitwisseling tussen middelbare scholieren in Nederland en in Mauritani\u00eb. OMNDHP gaat hiervoor samenwerken met Qader Shafiq, directeur van Bureau Wijland en met Kihoro Ngugi, projectleider en jongerencoach van stichting New Rootz. Vanaf begin 2025 gaat OMNDHP aan de slag met de uitwerking van het projectvoorstel.<\/p>\n\n\n\n<p><strong>Website<\/strong><\/p>\n\n\n\n<p>In 2024 zijn we verdergegaan met het verbeteren van onze website. Op redactioneel gebied hebben we een verdere verbeterslag doorgevoerd. We willen de website nog verder optimaliseren, zodat hij aantrekkelijker wordt voor onze bezoekers. Zo willen we bijvoorbeeld meer (korte) nieuwsitems en foto\u2019s toevoegen.<\/p>\n\n\n\n<p><strong>Samenwerking<\/strong><\/p>\n\n\n\n<p>De samenwerking met stichting Wilde Ganzen en met onze twee partnerorganisatie in Mauritani\u00eb, La Coop\u00e9rative Agro-Pastorale pour le D\u00e9veloppement de Nere Walo\/Ka\u00e9di\/Gorgol en L\u2019Association pour la Promotion des Droits Humains (APDH) verloopt goed en hebben we in 2024 verder voortgezet.<\/p>\n\n\n\n<p><strong>Donaties en sponsoren<\/strong><\/p>\n\n\n\n<p>Om te zorgen dat we voldoende financi\u00eble middelen hebben om onze projecten uit te voeren, zijn we steeds op zoek naar donateurs, geschikte fondsen en naar activiteiten en bijeenkomsten waar we ons werk onder de aandacht kunnen brengen. Op die manier werken we ook aan het vergroten van onze naamsbekendheid.<\/p>\n\n\n\n<p>We zijn blij met onze vaste donateur. Mohamed Abdi Bashir, eigenaar van Bureau Zovat, heeft in 2024 weer een bedrag gedoneerd.<\/p>\n\n\n\n<figure class=\"wp-block-table\"><table class=\"has-fixed-layout\"><tbody><tr><td colspan=\"3\"><strong>Financieel jaarverslag 2024<\/strong><\/td><td><strong>&nbsp;<\/strong><\/td><td><strong>&nbsp;<\/strong><\/td><td><strong>&nbsp;<\/strong><\/td><\/tr><tr><td colspan=\"6\"><strong>OMNDHP &#8211; Balans \/ Resultaten rekening op 12-03-2025<\/strong><\/td><\/tr><tr><td>Boekjaar 2024<\/td><td>Balans 1-1-2024<\/td><td colspan=\"2\">Resultaten 2024<\/td><td colspan=\"2\">Eindsaldo 31-12-2024<\/td><\/tr><tr><td>&nbsp;<\/td><td>&nbsp;<\/td><td>Uitgaven<\/td><td colspan=\"2\">Inkomsten<\/td><td>&nbsp;<\/td><\/tr><tr><td><strong>Saldo<\/strong><\/td><td><strong>&nbsp;<\/strong><\/td><td><strong>&nbsp;<\/strong><\/td><td><strong>&nbsp;<\/strong><\/td><td><strong>&nbsp;<\/strong><\/td><td><strong>&nbsp;<\/strong><\/td><\/tr><tr><td>Betaalrek NL03INGB 0007 5500 58<\/td><td>\u20ac 8.935,87<\/td><td>&nbsp;<\/td><td>&nbsp;<\/td><td>\u20ac 11.613,62<\/td><td>&nbsp;<\/td><\/tr><tr><td>&nbsp;<\/td><td>&nbsp;<\/td><td>&nbsp;<\/td><td>&nbsp;<\/td><td>&nbsp;<\/td><td>&nbsp;<\/td><\/tr><tr><td><strong>Gift<\/strong><\/td><td><strong>&nbsp;<\/strong><\/td><td><strong>&nbsp;<\/strong><\/td><td><strong>&nbsp;<\/strong><\/td><td><strong>&nbsp;<\/strong><\/td><td><strong>&nbsp;<\/strong><\/td><\/tr><tr><td>Hr. M. A. Bashir<\/td><td>&nbsp;<\/td><td>&nbsp;<\/td><td>\u20ac 420,00<\/td><td>&nbsp;<\/td><td>&nbsp;<\/td><\/tr><tr><td>Hr. A. A. Sow<\/td><td>&nbsp;<\/td><td>&nbsp;<\/td><td>\u20ac 2.500,00<\/td><td>&nbsp;<\/td><td>&nbsp;<\/td><\/tr><tr><td>&nbsp;<\/td><td>&nbsp;<\/td><td>&nbsp;<\/td><td>&nbsp;<\/td><td>&nbsp;<\/td><td>&nbsp;<\/td><\/tr><tr><td><strong>Stichtingskosten<\/strong><\/td><td><strong>&nbsp;<\/strong><\/td><td><strong>&nbsp;<\/strong><\/td><td><strong>&nbsp;<\/strong><\/td><td><strong>&nbsp;<\/strong><\/td><td><strong>&nbsp;<\/strong><\/td><\/tr><tr><td colspan=\"2\">Bankkosten ING betalingsverkeer<\/td><td>\u20ac 242,25<\/td><td>&nbsp;<\/td><td>&nbsp;<\/td><td>&nbsp;<\/td><\/tr><tr><td><strong>Eigen vermogen<\/strong><\/td><td>\u20ac 0,00<\/td><td><strong>&nbsp;<\/strong><\/td><td><strong>&nbsp;<\/strong><\/td><td><strong>&nbsp;<\/strong><\/td><td><strong>&nbsp;<\/strong><\/td><\/tr><tr><td>&nbsp;<\/td><td>&nbsp;<\/td><td>&nbsp;<\/td><td>&nbsp;<\/td><td>&nbsp;<\/td><td>&nbsp;<\/td><\/tr><tr><td>&nbsp;<\/td><td>&nbsp;<\/td><td>&nbsp;<\/td><td>&nbsp;<\/td><td>&nbsp;<\/td><td>&nbsp;<\/td><\/tr><tr><td><strong>Totaal<\/strong><\/td><td><strong>\u20ac 8.935,87<\/strong><\/td><td><strong>\u20ac 242,25<\/strong><\/td><td><strong>\u20ac 2.920,00<\/strong><\/td><td><strong>\u20ac 11.613,62<\/strong><\/td><td><strong>&nbsp;<\/strong><\/td><\/tr><tr><td>&nbsp;<\/td><td>&nbsp;<\/td><td>&nbsp;<\/td><td>&nbsp;<\/td><td>&nbsp;<\/td><td>&nbsp;<\/td><\/tr><\/tbody><\/table><\/figure>\n\n\n\n<p><strong><br><\/strong><\/p>\n\n\n\n<p><strong>Bijlage:<\/strong><\/p>\n\n\n\n<p><strong>Algemene gegevens over stichting OMNDHP<\/strong><\/p>\n\n\n\n<p>Algemene informatie<\/p>\n\n\n\n<figure class=\"wp-block-table\"><table class=\"has-fixed-layout\"><tbody><tr><td>Statutaire naam<\/td><td>Stichting Mauritaans-Nederlandse Organisatie voor Mensen- en Volkerenrechten<\/td><\/tr><tr><td>Rechtsvorm<\/td><td>Stichting<\/td><\/tr><tr><td>Opgericht<\/td><td>15 oktober 1999<\/td><\/tr><tr><td>KvK-nummer<\/td><td>09108449<\/td><\/tr><tr><td>RSIN-nummer<\/td><td>808512328<\/td><\/tr><tr><td>SBI-code<\/td><td>94996 (Overige ide\u00eble organisaties).<\/td><\/tr><tr><td>ANBI-verklaring<\/td><td>1-01-2016<\/td><\/tr><tr><td>Statutaire zetel<\/td><td>Nijmegen, Schoolstraat 28c, 6512 JH<\/td><\/tr><tr><td>E-mailadres<\/td><td><a href=\"mailto:info@omndhp.nl\">info@omndhp.nl<\/a><\/td><\/tr><\/tbody><\/table><\/figure>\n\n\n\n<figure class=\"wp-block-image size-full\"><img loading=\"lazy\" decoding=\"async\" width=\"125\" height=\"70\" src=\"https:\/\/omndhp.nl\/wp-content\/uploads\/2025\/04\/image.jpeg\" alt=\"\" class=\"wp-image-955\" srcset=\"https:\/\/omndhp.nl\/wp-content\/uploads\/2025\/04\/image.jpeg 125w, https:\/\/omndhp.nl\/wp-content\/uploads\/2025\/04\/image-100x56.jpeg 100w\" sizes=\"auto, (max-width: 125px) 100vw, 125px\" \/><\/figure>\n\n\n\n<p>Stichting OMNDHP is in het bezit van de ANBI-status. De stichting is hiermee door de Belastingdienst erkend als Algemeen Nut Beogende Instelling.<\/p>\n\n\n\n<p><strong>Visie, missie en doel en werkwijze<\/strong><\/p>\n\n\n\n<p>Missie<\/p>\n\n\n\n<p>Stichting Mauritaans-Nederlandse Organisatie voor Mensen- en Volkerenrechten (OMNDHP) gaat uit van de universaliteit van mensen- en volkerenrechten, ongeacht geloof, sekse, politieke voorkeur, economische of culturele achtergrond. OMNDHP streeft naar een vreedzame wereld, vrij van armoede en schending van mensen- en volkerenrechten, waarin mensen de mogelijkheid krijgen om zichzelf te ontwikkelen en waarin ze elkaar en elkaars rechten respecteren.<\/p>\n\n\n\n<p>Visie<\/p>\n\n\n\n<p>OMNDHP zet zich in voor het verbeteren van de levensomstandigheden van mensen in ontwikkelingslanden en met name in Mauritani\u00eb door:<\/p>\n\n\n\n<ul class=\"wp-block-list\">\n<li>in te spelen op de lokale en regionale behoeften, in afstemming met de plaatselijke bevolkingsgroepen;<\/li>\n\n\n\n<li>lokale bevolkingsgroepen toe te rusten via kennisoverdracht en de noodzakelijke middelen, met als inzet duurzame verbetering van de levensomstandigheden;<\/li>\n\n\n\n<li>de eigen kracht, verantwoordelijkheid en eigenaarschap van de plaatselijke bevolking als uitgangspunt te nemen;<\/li>\n\n\n\n<li>vreedzame samenwerking te stimuleren tussen verschillende bevolkingsgroepen en landen;<\/li>\n\n\n\n<li>snel in te grijpen in noodsituaties.<\/li>\n<\/ul>\n\n\n\n<p>Doelstellingen:<\/p>\n\n\n\n<p>OMNDHP richt zich op het verbeteren van de levensomstandigheden van bevolkingsgroepen door projecten uit te voeren in met name Mauritani\u00eb, die zich richten op:<\/p>\n\n\n\n<ul class=\"wp-block-list\">\n<li>capaciteitsopbouw: het versterken van het duurzaam, zelfvoorzienend vermogen van de bevolking;<\/li>\n\n\n\n<li>sociaaleconomische stabiliteit en sociale cohesie;<\/li>\n\n\n\n<li>het voorkomen dat jongeren wegtrekken uit plattelandsgebieden, door meer werkgelegenheid te cre\u00ebren en betere toekomstperspectieven;<\/li>\n\n\n\n<li>vrouwenemancipatie;<\/li>\n\n\n\n<li>educatie;<\/li>\n\n\n\n<li>verbetering van de gezondheid;<\/li>\n\n\n\n<li>stimulering van de landbouw en verhoging van de landbouwproductie;<\/li>\n\n\n\n<li>ondersteuning van de bevolking in noodsituaties;<\/li>\n\n\n\n<li>ondersteuning, zowel financieel als op andere wijze, van andere stichtingen, organisaties, instanties en projecten die bijdragen aan de ontwikkeling van mensen- en volkerenrechten.<\/li>\n<\/ul>\n\n\n\n<p>Werkwijze van OMNDHP:<\/p>\n\n\n\n<p>De stichting realiseert deze doelstellingen door:<\/p>\n\n\n\n<ul class=\"wp-block-list\">\n<li>Het uitvoeren van kwalitatief en kwantitatief duurzame projecten. De projecten beslaan meerdere thema\u2019s: duurzaamheid, genderproblematiek, kennisoverdracht, voedselvoorziening, sociale en culturele activiteiten, economische ontwikkeling en sociale cohesie. Ook introduceren we nieuwe werkwijzen en technieken, zoals nieuwe teelttechnieken in de landbouw en computertrainingen;<\/li>\n\n\n\n<li>Bij onze projecten ligt de nadruk op samenwerking tussen verschillende groepen bewoners in samenwerking met de lokale en nationale overheid en met lokale, regionale en nationale partner-organisaties;<\/li>\n\n\n\n<li>We nemen de eigen kracht en verantwoordelijkheid van de plaatselijke bevolking als uitgangspunt. Wij betrekken de plaatselijke bevolking actief bij de uitvoering en zij krijgen eigenaarschap over een project;<\/li>\n\n\n\n<li>Overdracht van de werkwijze naar andere plaatsen in de regio. Hier draagt de lokale bevolking zorg voor;<\/li>\n\n\n\n<li>Het realiseren van deskundigheidsbevordering, bijvoorbeeld op het gebied van dierengeneeskunde, landbouwtechnieken, gezondheidzorg en computervaardigheden.<\/li>\n<\/ul>\n\n\n\n<p><strong>Het bestuur van OMNDHP<\/strong><\/p>\n\n\n\n<p>Het bestuur bestaat in 2024 uit drie personen.<\/p>\n\n\n\n<figure class=\"wp-block-table\"><table class=\"has-fixed-layout\"><tbody><tr><td>Dr. Amadou Aliou Sow<\/td><td>Voorzitter<\/td><\/tr><tr><td>Ans Menning<\/td><td>Secretaris<\/td><\/tr><tr><td>Ans Aerts<\/td><td>Algemeen lid en communicatie<\/td><\/tr><\/tbody><\/table><\/figure>\n\n\n\n<p>Het bestuur verricht haar werkzaamheden onbezoldigd. Aan de bestuursleden zijn en worden geen bedragen aan leningen, voorschotten, of garanties verstrekt. Daarnaast zijn er vrijwilligers betrokken en werkzaam voor OMNDHP. Ook zij ontvangen geen vergoeding voor hun werkzaamheden.<\/p>\n","protected":false},"excerpt":{"rendered":"<p>Voorwoord Beste lezer, In 2024 heeft OMNDHP het project Moestuinen voor Moeders in het dorp Woloum Nere afgerond, met de goedkeuring en ondersteuning van stichting Wilde Ganzen. OMNDHP werkte voor de uitvoering van dit project samen met twee Mauritaanse partnerorganisaties, &hellip;<\/p>\n<p class=\"read-more\"> <a class=\"more-link\" href=\"https:\/\/omndhp.nl\/?page_id=954\"> <span class=\"screen-reader-text\">Jaarverslag 2024<\/span> Read More &raquo;<\/a><\/p>\n","protected":false},"author":1,"featured_media":0,"parent":0,"menu_order":0,"comment_status":"closed","ping_status":"closed","template":"","meta":{"footnotes":""},"class_list":["post-954","page","type-page","status-publish","hentry"],"_links":{"self":[{"href":"https:\/\/omndhp.nl\/index.php?rest_route=\/wp\/v2\/pages\/954","targetHints":{"allow":["GET"]}}],"collection":[{"href":"https:\/\/omndhp.nl\/index.php?rest_route=\/wp\/v2\/pages"}],"about":[{"href":"https:\/\/omndhp.nl\/index.php?rest_route=\/wp\/v2\/types\/page"}],"author":[{"embeddable":true,"href":"https:\/\/omndhp.nl\/index.php?rest_route=\/wp\/v2\/users\/1"}],"replies":[{"embeddable":true,"href":"https:\/\/omndhp.nl\/index.php?rest_route=%2Fwp%2Fv2%2Fcomments&post=954"}],"version-history":[{"count":2,"href":"https:\/\/omndhp.nl\/index.php?rest_route=\/wp\/v2\/pages\/954\/revisions"}],"predecessor-version":[{"id":958,"href":"https:\/\/omndhp.nl\/index.php?rest_route=\/wp\/v2\/pages\/954\/revisions\/958"}],"wp:attachment":[{"href":"https:\/\/omndhp.nl\/index.php?rest_route=%2Fwp%2Fv2%2Fmedia&parent=954"}],"curies":[{"name":"wp","href":"https:\/\/api.w.org\/{rel}","templated":true}]}}